{"id":89,"date":"2024-10-17T15:01:56","date_gmt":"2024-10-17T13:01:56","guid":{"rendered":"https:\/\/lamargelle-chaumont.fr\/?page_id=89"},"modified":"2024-10-17T15:01:56","modified_gmt":"2024-10-17T13:01:56","slug":"consultation-pedopsychiatrique-pour-les-enfants-places","status":"publish","type":"page","link":"https:\/\/lamargelle-chaumont.fr\/index.php\/consultation-pedopsychiatrique-pour-les-enfants-places\/","title":{"rendered":"Consultation p\u00e9dopsychiatrique pour les enfants plac\u00e9s"},"content":{"rendered":"<p><div class=\"fusion-fullwidth fullwidth-box fusion-builder-row-1 fusion-flex-container has-pattern-background has-mask-background nonhundred-percent-fullwidth non-hundred-percent-height-scrolling\" style=\"--awb-border-radius-top-left:0px;--awb-border-radius-top-right:0px;--awb-border-radius-bottom-right:0px;--awb-border-radius-bottom-left:0px;--awb-margin-top:20px;--awb-margin-bottom:45px;--awb-flex-wrap:wrap;\" ><div class=\"fusion-builder-row fusion-row fusion-flex-align-items-flex-start fusion-flex-content-wrap\" style=\"max-width:1248px;margin-left: calc(-4% \/ 2 );margin-right: calc(-4% \/ 2 );\"><div class=\"fusion-layout-column fusion_builder_column fusion-builder-column-0 fusion_builder_column_1_1 1_1 fusion-flex-column\" style=\"--awb-bg-size:cover;--awb-width-large:100%;--awb-margin-top-large:0px;--awb-spacing-right-large:1.92%;--awb-margin-bottom-large:20px;--awb-spacing-left-large:1.92%;--awb-width-medium:100%;--awb-order-medium:0;--awb-spacing-right-medium:1.92%;--awb-spacing-left-medium:1.92%;--awb-width-small:100%;--awb-order-small:0;--awb-spacing-right-small:1.92%;--awb-spacing-left-small:1.92%;\"><div class=\"fusion-column-wrapper fusion-column-has-shadow fusion-flex-justify-content-flex-start fusion-content-layout-column\">\n<div class=\"table-1\">\n<table width=\"100%\">\n<tbody>\n<tr>\n<td align=\"left\" width=\"35%\"><strong><span style=\"color: #e37396;\">POURQUOI ?<\/span><\/strong><br \/>\n<span style=\"color: #e37396;\">Finalit\u00e9 du projet \/ Contexte de la demande<\/span><\/td>\n<td align=\"left\" width=\"65%\">Le projet s&rsquo;adresse \u00e0 un public concern\u00e9 par la dysparentalit\u00e9 dans une optique de pr\u00e9vention et de prise en charge pr\u00e9coce en proposant un parcours de consultation p\u00e9dopsychiatrique pour des enfants de 0 \u00e0 12 ans relevant de la protection de l&rsquo;enfance :<\/td>\n<\/tr>\n<tr>\n<td align=\"left\"><strong><span style=\"color: #e37396;\">QUI ?<\/span><\/strong><br \/>\n<span style=\"color: #e37396;\">Parties impact\u00e9es, parties prenantes, chef de projet, \u00e9quipe projet, utilisateurs des cl\u00e9s<\/span><\/td>\n<td align=\"left\">\u2022 Les professionnels de sant\u00e9<br \/>\n\u2022 La coordinatrice<br \/>\n\u2022 Le public cible est des enfants confi\u00e9s \u00e0 l&rsquo;aide sociale \u00e0 l&rsquo;enfance de 0-12 ans<br \/>\n\u2022 Les responsables l\u00e9gaux<br \/>\n\u2022 L&rsquo;\u00e9quipe r\u00e9f\u00e9rente des enfants<\/td>\n<\/tr>\n<tr>\n<td align=\"left\"><strong><span style=\"color: #e37396;\">QUAND ?<\/span><\/strong><\/td>\n<td align=\"left\">\u2022 Le 1er et 3\u00e8me Mardis du mois en pr\u00e9sentation : 09h-11h45 \/ 14h-16h<br \/>\n\u2022 Le 2\u00e8me Mardi en t\u00e9l\u00e9consultation : 09h-11h45 \/ 14h-16h<\/td>\n<\/tr>\n<tr>\n<td align=\"left\"><strong><span style=\"color: #e37396;\">O\u00d9 ?<\/span><\/strong><\/td>\n<td align=\"left\">La Margelle situ\u00e9e au 2 bd Thiers, 52000 Chaumont<br \/>\nOu en t\u00e9l\u00e9consultation<\/td>\n<\/tr>\n<\/tbody>\n<\/table>\n<\/div>\n<\/div><\/div><\/div><\/div><div class=\"fusion-fullwidth fullwidth-box fusion-builder-row-2 fusion-flex-container has-pattern-background has-mask-background nonhundred-percent-fullwidth non-hundred-percent-height-scrolling\" style=\"--awb-border-radius-top-left:0px;--awb-border-radius-top-right:0px;--awb-border-radius-bottom-right:0px;--awb-border-radius-bottom-left:0px;--awb-flex-wrap:wrap;\" ><div class=\"fusion-builder-row fusion-row fusion-flex-align-items-flex-start fusion-flex-content-wrap\" style=\"max-width:1248px;margin-left: calc(-4% \/ 2 );margin-right: calc(-4% \/ 2 );\"><div class=\"fusion-layout-column fusion_builder_column fusion-builder-column-1 fusion_builder_column_1_4 1_4 fusion-flex-column\" style=\"--awb-bg-size:cover;--awb-width-large:25%;--awb-margin-top-large:0px;--awb-spacing-right-large:7.68%;--awb-margin-bottom-large:20px;--awb-spacing-left-large:7.68%;--awb-width-medium:25%;--awb-order-medium:0;--awb-spacing-right-medium:7.68%;--awb-spacing-left-medium:7.68%;--awb-width-small:100%;--awb-order-small:0;--awb-spacing-right-small:1.92%;--awb-spacing-left-small:1.92%;\"><div class=\"fusion-column-wrapper fusion-column-has-shadow fusion-flex-justify-content-flex-start fusion-content-layout-column\"><div class=\"fusion-image-element \" style=\"text-align:center;--awb-caption-title-font-family:var(--h2_typography-font-family);--awb-caption-title-font-weight:var(--h2_typography-font-weight);--awb-caption-title-font-style:var(--h2_typography-font-style);--awb-caption-title-size:var(--h2_typography-font-size);--awb-caption-title-transform:var(--h2_typography-text-transform);--awb-caption-title-line-height:var(--h2_typography-line-height);--awb-caption-title-letter-spacing:var(--h2_typography-letter-spacing);\"><span class=\" fusion-imageframe imageframe-none imageframe-1 hover-type-none\"><img decoding=\"async\" width=\"200\" height=\"219\" title=\"oiseau\" src=\"http:\/\/lamargelle-chaumont.fr\/wp-content\/uploads\/2024\/10\/oiseau.png\" alt class=\"img-responsive wp-image-55\"\/><\/span><\/div><\/div><\/div><div class=\"fusion-layout-column fusion_builder_column fusion-builder-column-2 fusion_builder_column_3_4 3_4 fusion-flex-column\" style=\"--awb-bg-size:cover;--awb-width-large:75%;--awb-margin-top-large:0px;--awb-spacing-right-large:2.56%;--awb-margin-bottom-large:20px;--awb-spacing-left-large:2.56%;--awb-width-medium:75%;--awb-order-medium:0;--awb-spacing-right-medium:2.56%;--awb-spacing-left-medium:2.56%;--awb-width-small:100%;--awb-order-small:0;--awb-spacing-right-small:1.92%;--awb-spacing-left-small:1.92%;\"><div class=\"fusion-column-wrapper fusion-column-has-shadow fusion-flex-justify-content-flex-start fusion-content-layout-column\"><div class=\"fusion-text fusion-text-1\"><ol>\n<li>R\u00e9ception du dossier complet (calendrier) : demande papiers par mail : <a href=\"mailto:asso@lamargelle52.org\">asso@lamargelle52.org<\/a><\/li>\n<li>Pr\u00e9sentation du dossier en r\u00e9union de coordination pour avis aupr\u00e8s des professionnels de sant\u00e9 de la structure.<\/li>\n<li>Planification des rdv par la coordinatrice (1e \/ 2\u00e8me \/ 3\u00e8me consultation : 45 min &#8211; 1h)<\/li>\n<li>Lors des consultations, les enfants sont accompagn\u00e9s par l&rsquo;\u00e9quipe r\u00e9f\u00e9rente et\/ou responsables l\u00e9gaux<\/li>\n<\/ol>\n<p>La pr\u00e9sence de ces personnes est obligatoire. Ils seront vus en d\u00e9but de consultation et fin de consultation<\/p>\n<\/div><\/div><\/div><\/div><\/div><\/p>\n","protected":false},"excerpt":{"rendered":"","protected":false},"author":1,"featured_media":0,"parent":0,"menu_order":0,"comment_status":"closed","ping_status":"closed","template":"100-width.php","meta":{"footnotes":""},"class_list":["post-89","page","type-page","status-publish","hentry"],"yoast_head":"<!-- This site is optimized with the Yoast SEO plugin v27.1.1 - https:\/\/yoast.com\/product\/yoast-seo-wordpress\/ -->\n<title>Consultation p\u00e9dopsychiatrique pour les enfants plac\u00e9s - La Margelle - Chaumont<\/title>\n<meta name=\"description\" content=\"Le projet s\u2019adresse \u00e0 un public concern\u00e9 par la dysparentalit\u00e9 dans une optique de pr\u00e9vention et de prise en charge pr\u00e9coce en proposant un parcours de consultation p\u00e9dopsychiatrique pour des enfants de 0 \u00e0 12 ans relevant de la protection de l\u2019enfance :\" \/>\n<meta name=\"robots\" content=\"index, follow, max-snippet:-1, max-image-preview:large, max-video-preview:-1\" \/>\n<link rel=\"canonical\" href=\"https:\/\/lamargelle-chaumont.fr\/index.php\/consultation-pedopsychiatrique-pour-les-enfants-places\/\" \/>\n<meta property=\"og:locale\" content=\"fr_FR\" \/>\n<meta property=\"og:type\" content=\"article\" \/>\n<meta property=\"og:title\" content=\"Consultation p\u00e9dopsychiatrique pour les enfants plac\u00e9s - La Margelle - Chaumont\" \/>\n<meta property=\"og:description\" content=\"Le projet s\u2019adresse \u00e0 un public concern\u00e9 par la dysparentalit\u00e9 dans une optique de pr\u00e9vention et de prise en charge pr\u00e9coce en proposant un parcours de consultation p\u00e9dopsychiatrique pour des enfants de 0 \u00e0 12 ans relevant de la protection de l\u2019enfance :\" \/>\n<meta property=\"og:url\" content=\"https:\/\/lamargelle-chaumont.fr\/index.php\/consultation-pedopsychiatrique-pour-les-enfants-places\/\" \/>\n<meta property=\"og:site_name\" content=\"La Margelle\" \/>\n<meta name=\"twitter:card\" content=\"summary_large_image\" \/>\n<meta name=\"twitter:label1\" content=\"Dur\u00e9e de lecture estim\u00e9e\" \/>\n\t<meta name=\"twitter:data1\" content=\"2 minutes\" \/>\n<script type=\"application\/ld+json\" class=\"yoast-schema-graph\">{\"@context\":\"https:\/\/schema.org\",\"@graph\":[{\"@type\":\"WebPage\",\"@id\":\"https:\/\/lamargelle-chaumont.fr\/index.php\/consultation-pedopsychiatrique-pour-les-enfants-places\/\",\"url\":\"https:\/\/lamargelle-chaumont.fr\/index.php\/consultation-pedopsychiatrique-pour-les-enfants-places\/\",\"name\":\"Consultation p\u00e9dopsychiatrique pour les enfants plac\u00e9s - La Margelle - Chaumont\",\"isPartOf\":{\"@id\":\"https:\/\/lamargelle-chaumont.fr\/#website\"},\"datePublished\":\"2024-10-17T13:01:56+00:00\",\"description\":\"Le projet s\u2019adresse \u00e0 un public concern\u00e9 par la dysparentalit\u00e9 dans une optique de pr\u00e9vention et de prise en charge pr\u00e9coce en proposant un parcours de consultation p\u00e9dopsychiatrique pour des enfants de 0 \u00e0 12 ans relevant de la protection de l\u2019enfance :\",\"breadcrumb\":{\"@id\":\"https:\/\/lamargelle-chaumont.fr\/index.php\/consultation-pedopsychiatrique-pour-les-enfants-places\/#breadcrumb\"},\"inLanguage\":\"fr-FR\",\"potentialAction\":[{\"@type\":\"ReadAction\",\"target\":[\"https:\/\/lamargelle-chaumont.fr\/index.php\/consultation-pedopsychiatrique-pour-les-enfants-places\/\"]}]},{\"@type\":\"BreadcrumbList\",\"@id\":\"https:\/\/lamargelle-chaumont.fr\/index.php\/consultation-pedopsychiatrique-pour-les-enfants-places\/#breadcrumb\",\"itemListElement\":[{\"@type\":\"ListItem\",\"position\":1,\"name\":\"Accueil\",\"item\":\"https:\/\/lamargelle-chaumont.fr\/\"},{\"@type\":\"ListItem\",\"position\":2,\"name\":\"Consultation p\u00e9dopsychiatrique pour les enfants plac\u00e9s\"}]},{\"@type\":\"WebSite\",\"@id\":\"https:\/\/lamargelle-chaumont.fr\/#website\",\"url\":\"https:\/\/lamargelle-chaumont.fr\/\",\"name\":\"La Margelle\",\"description\":\"Association pour la parentalit\u00e9 \u00e0 Chaumont\",\"publisher\":{\"@id\":\"https:\/\/lamargelle-chaumont.fr\/#organization\"},\"potentialAction\":[{\"@type\":\"SearchAction\",\"target\":{\"@type\":\"EntryPoint\",\"urlTemplate\":\"https:\/\/lamargelle-chaumont.fr\/?s={search_term_string}\"},\"query-input\":{\"@type\":\"PropertyValueSpecification\",\"valueRequired\":true,\"valueName\":\"search_term_string\"}}],\"inLanguage\":\"fr-FR\"},{\"@type\":\"Organization\",\"@id\":\"https:\/\/lamargelle-chaumont.fr\/#organization\",\"name\":\"La Margelle\",\"url\":\"https:\/\/lamargelle-chaumont.fr\/\",\"logo\":{\"@type\":\"ImageObject\",\"inLanguage\":\"fr-FR\",\"@id\":\"https:\/\/lamargelle-chaumont.fr\/#\/schema\/logo\/image\/\",\"url\":\"https:\/\/lamargelle-chaumont.fr\/wp-content\/uploads\/2024\/10\/logo-lamargelle-1.png\",\"contentUrl\":\"https:\/\/lamargelle-chaumont.fr\/wp-content\/uploads\/2024\/10\/logo-lamargelle-1.png\",\"width\":280,\"height\":140,\"caption\":\"La Margelle\"},\"image\":{\"@id\":\"https:\/\/lamargelle-chaumont.fr\/#\/schema\/logo\/image\/\"}}]}<\/script>\n<!-- \/ Yoast SEO plugin. -->","yoast_head_json":{"title":"Consultation p\u00e9dopsychiatrique pour les enfants plac\u00e9s - La Margelle - Chaumont","description":"Le projet s\u2019adresse \u00e0 un public concern\u00e9 par la dysparentalit\u00e9 dans une optique de pr\u00e9vention et de prise en charge pr\u00e9coce en proposant un parcours de consultation p\u00e9dopsychiatrique pour des enfants de 0 \u00e0 12 ans relevant de la protection de l\u2019enfance :","robots":{"index":"index","follow":"follow","max-snippet":"max-snippet:-1","max-image-preview":"max-image-preview:large","max-video-preview":"max-video-preview:-1"},"canonical":"https:\/\/lamargelle-chaumont.fr\/index.php\/consultation-pedopsychiatrique-pour-les-enfants-places\/","og_locale":"fr_FR","og_type":"article","og_title":"Consultation p\u00e9dopsychiatrique pour les enfants plac\u00e9s - La Margelle - Chaumont","og_description":"Le projet s\u2019adresse \u00e0 un public concern\u00e9 par la dysparentalit\u00e9 dans une optique de pr\u00e9vention et de prise en charge pr\u00e9coce en proposant un parcours de consultation p\u00e9dopsychiatrique pour des enfants de 0 \u00e0 12 ans relevant de la protection de l\u2019enfance :","og_url":"https:\/\/lamargelle-chaumont.fr\/index.php\/consultation-pedopsychiatrique-pour-les-enfants-places\/","og_site_name":"La Margelle","twitter_card":"summary_large_image","twitter_misc":{"Dur\u00e9e de lecture estim\u00e9e":"2 minutes"},"schema":{"@context":"https:\/\/schema.org","@graph":[{"@type":"WebPage","@id":"https:\/\/lamargelle-chaumont.fr\/index.php\/consultation-pedopsychiatrique-pour-les-enfants-places\/","url":"https:\/\/lamargelle-chaumont.fr\/index.php\/consultation-pedopsychiatrique-pour-les-enfants-places\/","name":"Consultation p\u00e9dopsychiatrique pour les enfants plac\u00e9s - La Margelle - Chaumont","isPartOf":{"@id":"https:\/\/lamargelle-chaumont.fr\/#website"},"datePublished":"2024-10-17T13:01:56+00:00","description":"Le projet s\u2019adresse \u00e0 un public concern\u00e9 par la dysparentalit\u00e9 dans une optique de pr\u00e9vention et de prise en charge pr\u00e9coce en proposant un parcours de consultation p\u00e9dopsychiatrique pour des enfants de 0 \u00e0 12 ans relevant de la protection de l\u2019enfance :","breadcrumb":{"@id":"https:\/\/lamargelle-chaumont.fr\/index.php\/consultation-pedopsychiatrique-pour-les-enfants-places\/#breadcrumb"},"inLanguage":"fr-FR","potentialAction":[{"@type":"ReadAction","target":["https:\/\/lamargelle-chaumont.fr\/index.php\/consultation-pedopsychiatrique-pour-les-enfants-places\/"]}]},{"@type":"BreadcrumbList","@id":"https:\/\/lamargelle-chaumont.fr\/index.php\/consultation-pedopsychiatrique-pour-les-enfants-places\/#breadcrumb","itemListElement":[{"@type":"ListItem","position":1,"name":"Accueil","item":"https:\/\/lamargelle-chaumont.fr\/"},{"@type":"ListItem","position":2,"name":"Consultation p\u00e9dopsychiatrique pour les enfants plac\u00e9s"}]},{"@type":"WebSite","@id":"https:\/\/lamargelle-chaumont.fr\/#website","url":"https:\/\/lamargelle-chaumont.fr\/","name":"La Margelle","description":"Association pour la parentalit\u00e9 \u00e0 Chaumont","publisher":{"@id":"https:\/\/lamargelle-chaumont.fr\/#organization"},"potentialAction":[{"@type":"SearchAction","target":{"@type":"EntryPoint","urlTemplate":"https:\/\/lamargelle-chaumont.fr\/?s={search_term_string}"},"query-input":{"@type":"PropertyValueSpecification","valueRequired":true,"valueName":"search_term_string"}}],"inLanguage":"fr-FR"},{"@type":"Organization","@id":"https:\/\/lamargelle-chaumont.fr\/#organization","name":"La Margelle","url":"https:\/\/lamargelle-chaumont.fr\/","logo":{"@type":"ImageObject","inLanguage":"fr-FR","@id":"https:\/\/lamargelle-chaumont.fr\/#\/schema\/logo\/image\/","url":"https:\/\/lamargelle-chaumont.fr\/wp-content\/uploads\/2024\/10\/logo-lamargelle-1.png","contentUrl":"https:\/\/lamargelle-chaumont.fr\/wp-content\/uploads\/2024\/10\/logo-lamargelle-1.png","width":280,"height":140,"caption":"La Margelle"},"image":{"@id":"https:\/\/lamargelle-chaumont.fr\/#\/schema\/logo\/image\/"}}]}},"_links":{"self":[{"href":"https:\/\/lamargelle-chaumont.fr\/index.php\/wp-json\/wp\/v2\/pages\/89","targetHints":{"allow":["GET"]}}],"collection":[{"href":"https:\/\/lamargelle-chaumont.fr\/index.php\/wp-json\/wp\/v2\/pages"}],"about":[{"href":"https:\/\/lamargelle-chaumont.fr\/index.php\/wp-json\/wp\/v2\/types\/page"}],"author":[{"embeddable":true,"href":"https:\/\/lamargelle-chaumont.fr\/index.php\/wp-json\/wp\/v2\/users\/1"}],"replies":[{"embeddable":true,"href":"https:\/\/lamargelle-chaumont.fr\/index.php\/wp-json\/wp\/v2\/comments?post=89"}],"version-history":[{"count":6,"href":"https:\/\/lamargelle-chaumont.fr\/index.php\/wp-json\/wp\/v2\/pages\/89\/revisions"}],"predecessor-version":[{"id":95,"href":"https:\/\/lamargelle-chaumont.fr\/index.php\/wp-json\/wp\/v2\/pages\/89\/revisions\/95"}],"wp:attachment":[{"href":"https:\/\/lamargelle-chaumont.fr\/index.php\/wp-json\/wp\/v2\/media?parent=89"}],"curies":[{"name":"wp","href":"https:\/\/api.w.org\/{rel}","templated":true}]}}